{"id":9814,"date":"2025-07-06T15:24:04","date_gmt":"2025-07-06T13:24:04","guid":{"rendered":"https:\/\/www.primanedacademy.com\/sobre-nosotros\/"},"modified":"2026-01-14T16:17:39","modified_gmt":"2026-01-14T15:17:39","slug":"sobre-nosotros","status":"publish","type":"page","link":"https:\/\/www.primanedacademy.com\/es\/sobre-nosotros\/","title":{"rendered":"Sobre nosotros"},"content":{"rendered":"<p>Primaned Academy forma profesionales en Project Controls.<br \/>\nProject Controls es una disciplina relativamente reciente que est\u00e1 ganando popularidad a nivel internacional. Cada vez m\u00e1s organizaciones adoptan una estructura matricial y trabajan por proyectos. Para gestionar estos proyectos de forma eficaz, es necesaria una estrategia s\u00f3lida, y la formaci\u00f3n adecuada del personal es una parte fundamental de ello.<\/p>\n<p><b>Enfoque integrado<br \/>\n<\/b>Project Controls abarca la planificaci\u00f3n del trabajo dentro de un plazo determinado. Adem\u00e1s, se contempla c\u00f3mo planificar materiales y personal. Cuando se produce un cambio, debe ser posible anticiparse y ajustar la planificaci\u00f3n en caso necesario. Los posibles riesgos influyen en la viabilidad de los objetivos del proyecto, y por tanto, en su planificaci\u00f3n y control. Nuestros programas se basan en un enfoque integrado de la planificaci\u00f3n y las \u00e1reas de conocimiento asociadas.<\/p>\n<p><b>Nuestra oferta formativa<br \/>\n<\/b>Nuestros <a href=\"http:\/\/www.primanedacademy.com\/es\/opleiding\">m\u00f3dulos<\/a> pueden seguirse de forma individual o como parte de un programa completo de Project Controls. Todos los cursos est\u00e1n dise\u00f1ados en funci\u00f3n de las competencias necesarias para los profesionales del sector. Los contenidos son elaborados por formadores con formaci\u00f3n acad\u00e9mica que tambi\u00e9n trabajan como consultores, en colaboraci\u00f3n con nuestros propios ingenieros y consultores en Project Controls. El resultado: formaciones pr\u00e1cticas, fundamentadas te\u00f3ricamente y orientadas al entorno real.<\/p>\n<p><b>Formadores<br \/>\n<\/b>La formaci\u00f3n es impartida por instructores altamente capacitados, con amplia experiencia pr\u00e1ctica en m\u00faltiples sectores y proyectos.<\/p>\n<p><b>Equipo<br \/>\n<\/b>Conoce al equipo de la Academy, responsable de la gesti\u00f3n diaria<\/p>\n<p><b>Atenci\u00f3n personalizada<br \/>\n<\/b>Los m\u00f3dulos se imparten en grupos reducidos de m\u00e1ximo 9 participantes, lo que permite una atenci\u00f3n personalizada por parte del formador. La interacci\u00f3n entre profesionales de diferentes organizaciones se considera enriquecedora y valiosa.<\/p>\n<p><b>Almuerzo<br \/>\n<\/b>Todas nuestras formaciones incluyen almuerzo.<\/p>\n<p><b>Certificado<br \/>\n<\/b>Al finalizar cada m\u00f3dulo de formaci\u00f3n, los participantes reciben un certificado de la Primaned Academy.<\/p>\n<p><b>Asesoramiento personal<br \/>\n<\/b>\u00bfTienes preguntas sobre nuestros cursos o quieres saber qu\u00e9 programa se adapta mejor a tus necesidades? No dudes en ponerte en contacto con nosotros para recibir asesoramiento personalizado.<\/p>\n","protected":false},"excerpt":{"rendered":"<p>Primaned Academy forma profesionales en Project Controls. Project Controls es una disciplina relativamente reciente que est\u00e1 ganando popularidad a nivel internacional. Cada vez m\u00e1s organizaciones adoptan una estructura matricial y trabajan por proyectos. Para gestionar estos proyectos de forma eficaz, es necesaria una estrategia s\u00f3lida, y la formaci\u00f3n adecuada del personal es una parte fundamental [&hellip;]<\/p>\n","protected":false},"author":1,"featured_media":9815,"parent":0,"menu_order":0,"comment_status":"closed","ping_status":"closed","template":"","meta":{"_acf_changed":false,"_monsterinsights_skip_tracking":false,"_monsterinsights_sitenote_active":false,"_monsterinsights_sitenote_note":"","_monsterinsights_sitenote_category":0,"footnotes":""},"class_list":["post-9814","page","type-page","status-publish","has-post-thumbnail","hentry"],"acf":[],"yoast_head":"<!-- This site is optimized with the Yoast SEO plugin v27.4 - https:\/\/yoast.com\/product\/yoast-seo-wordpress\/ -->\n<title>Sobre nosotros - Primaned Academy<\/title>\n<meta name=\"description\" content=\"Primaned Academy forma profesionales en Project Controls.\" \/>\n<meta name=\"robots\" content=\"index, follow, max-snippet:-1, max-image-preview:large, max-video-preview:-1\" \/>\n<link rel=\"canonical\" href=\"https:\/\/www.primanedacademy.com\/es\/sobre-nosotros\/\" \/>\n<meta property=\"og:locale\" content=\"es_ES\" \/>\n<meta property=\"og:type\" content=\"article\" \/>\n<meta property=\"og:title\" content=\"Sobre nosotros - Primaned Academy\" \/>\n<meta property=\"og:description\" content=\"Primaned Academy forma profesionales en Project Controls.\" \/>\n<meta property=\"og:url\" content=\"https:\/\/www.primanedacademy.com\/es\/sobre-nosotros\/\" \/>\n<meta property=\"og:site_name\" content=\"Primaned Academy\" \/>\n<meta property=\"article:modified_time\" content=\"2026-01-14T15:17:39+00:00\" \/>\n<meta property=\"og:image\" content=\"https:\/\/www.primanedacademy.com\/wp-content\/uploads\/Primaned_Academy_FvH_20171101_5140.jpg\" \/>\n\t<meta property=\"og:image:width\" content=\"1920\" \/>\n\t<meta property=\"og:image:height\" content=\"1080\" \/>\n\t<meta property=\"og:image:type\" content=\"image\/jpeg\" \/>\n<meta name=\"twitter:card\" content=\"summary_large_image\" \/>\n<meta name=\"twitter:label1\" content=\"Tiempo de lectura\" \/>\n\t<meta name=\"twitter:data1\" content=\"2 minutos\" \/>\n<script type=\"application\/ld+json\" class=\"yoast-schema-graph\">{\"@context\":\"https:\\\/\\\/schema.org\",\"@graph\":[{\"@type\":\"WebPage\",\"@id\":\"https:\\\/\\\/www.primanedacademy.com\\\/es\\\/sobre-nosotros\\\/\",\"url\":\"https:\\\/\\\/www.primanedacademy.com\\\/es\\\/sobre-nosotros\\\/\",\"name\":\"Sobre nosotros - Primaned Academy\",\"isPartOf\":{\"@id\":\"https:\\\/\\\/www.primanedacademy.com\\\/#website\"},\"primaryImageOfPage\":{\"@id\":\"https:\\\/\\\/www.primanedacademy.com\\\/es\\\/sobre-nosotros\\\/#primaryimage\"},\"image\":{\"@id\":\"https:\\\/\\\/www.primanedacademy.com\\\/es\\\/sobre-nosotros\\\/#primaryimage\"},\"thumbnailUrl\":\"https:\\\/\\\/www.primanedacademy.com\\\/wp-content\\\/uploads\\\/Primaned_Academy_FvH_20171101_5140.jpg\",\"datePublished\":\"2025-07-06T13:24:04+00:00\",\"dateModified\":\"2026-01-14T15:17:39+00:00\",\"description\":\"Primaned Academy forma profesionales en Project Controls.\",\"breadcrumb\":{\"@id\":\"https:\\\/\\\/www.primanedacademy.com\\\/es\\\/sobre-nosotros\\\/#breadcrumb\"},\"inLanguage\":\"es\",\"potentialAction\":[{\"@type\":\"ReadAction\",\"target\":[\"https:\\\/\\\/www.primanedacademy.com\\\/es\\\/sobre-nosotros\\\/\"]}]},{\"@type\":\"ImageObject\",\"inLanguage\":\"es\",\"@id\":\"https:\\\/\\\/www.primanedacademy.com\\\/es\\\/sobre-nosotros\\\/#primaryimage\",\"url\":\"https:\\\/\\\/www.primanedacademy.com\\\/wp-content\\\/uploads\\\/Primaned_Academy_FvH_20171101_5140.jpg\",\"contentUrl\":\"https:\\\/\\\/www.primanedacademy.com\\\/wp-content\\\/uploads\\\/Primaned_Academy_FvH_20171101_5140.jpg\",\"width\":1920,\"height\":1080},{\"@type\":\"BreadcrumbList\",\"@id\":\"https:\\\/\\\/www.primanedacademy.com\\\/es\\\/sobre-nosotros\\\/#breadcrumb\",\"itemListElement\":[{\"@type\":\"ListItem\",\"position\":1,\"name\":\"Home\",\"item\":\"https:\\\/\\\/www.primanedacademy.com\\\/es\\\/\"},{\"@type\":\"ListItem\",\"position\":2,\"name\":\"Sobre nosotros\"}]},{\"@type\":\"WebSite\",\"@id\":\"https:\\\/\\\/www.primanedacademy.com\\\/#website\",\"url\":\"https:\\\/\\\/www.primanedacademy.com\\\/\",\"name\":\"Primaned Academy\",\"description\":\"Opleidingen in Projectbeheersing \\\/ Project Controls\",\"potentialAction\":[{\"@type\":\"SearchAction\",\"target\":{\"@type\":\"EntryPoint\",\"urlTemplate\":\"https:\\\/\\\/www.primanedacademy.com\\\/?s={search_term_string}\"},\"query-input\":{\"@type\":\"PropertyValueSpecification\",\"valueRequired\":true,\"valueName\":\"search_term_string\"}}],\"inLanguage\":\"es\"}]}<\/script>\n<!-- \/ Yoast SEO plugin. -->","yoast_head_json":{"title":"Sobre nosotros - Primaned Academy","description":"Primaned Academy forma profesionales en Project Controls.","robots":{"index":"index","follow":"follow","max-snippet":"max-snippet:-1","max-image-preview":"max-image-preview:large","max-video-preview":"max-video-preview:-1"},"canonical":"https:\/\/www.primanedacademy.com\/es\/sobre-nosotros\/","og_locale":"es_ES","og_type":"article","og_title":"Sobre nosotros - Primaned Academy","og_description":"Primaned Academy forma profesionales en Project Controls.","og_url":"https:\/\/www.primanedacademy.com\/es\/sobre-nosotros\/","og_site_name":"Primaned Academy","article_modified_time":"2026-01-14T15:17:39+00:00","og_image":[{"width":1920,"height":1080,"url":"https:\/\/www.primanedacademy.com\/wp-content\/uploads\/Primaned_Academy_FvH_20171101_5140.jpg","type":"image\/jpeg"}],"twitter_card":"summary_large_image","twitter_misc":{"Tiempo de lectura":"2 minutos"},"schema":{"@context":"https:\/\/schema.org","@graph":[{"@type":"WebPage","@id":"https:\/\/www.primanedacademy.com\/es\/sobre-nosotros\/","url":"https:\/\/www.primanedacademy.com\/es\/sobre-nosotros\/","name":"Sobre nosotros - Primaned Academy","isPartOf":{"@id":"https:\/\/www.primanedacademy.com\/#website"},"primaryImageOfPage":{"@id":"https:\/\/www.primanedacademy.com\/es\/sobre-nosotros\/#primaryimage"},"image":{"@id":"https:\/\/www.primanedacademy.com\/es\/sobre-nosotros\/#primaryimage"},"thumbnailUrl":"https:\/\/www.primanedacademy.com\/wp-content\/uploads\/Primaned_Academy_FvH_20171101_5140.jpg","datePublished":"2025-07-06T13:24:04+00:00","dateModified":"2026-01-14T15:17:39+00:00","description":"Primaned Academy forma profesionales en Project Controls.","breadcrumb":{"@id":"https:\/\/www.primanedacademy.com\/es\/sobre-nosotros\/#breadcrumb"},"inLanguage":"es","potentialAction":[{"@type":"ReadAction","target":["https:\/\/www.primanedacademy.com\/es\/sobre-nosotros\/"]}]},{"@type":"ImageObject","inLanguage":"es","@id":"https:\/\/www.primanedacademy.com\/es\/sobre-nosotros\/#primaryimage","url":"https:\/\/www.primanedacademy.com\/wp-content\/uploads\/Primaned_Academy_FvH_20171101_5140.jpg","contentUrl":"https:\/\/www.primanedacademy.com\/wp-content\/uploads\/Primaned_Academy_FvH_20171101_5140.jpg","width":1920,"height":1080},{"@type":"BreadcrumbList","@id":"https:\/\/www.primanedacademy.com\/es\/sobre-nosotros\/#breadcrumb","itemListElement":[{"@type":"ListItem","position":1,"name":"Home","item":"https:\/\/www.primanedacademy.com\/es\/"},{"@type":"ListItem","position":2,"name":"Sobre nosotros"}]},{"@type":"WebSite","@id":"https:\/\/www.primanedacademy.com\/#website","url":"https:\/\/www.primanedacademy.com\/","name":"Primaned Academy","description":"Opleidingen in Projectbeheersing \/ Project Controls","potentialAction":[{"@type":"SearchAction","target":{"@type":"EntryPoint","urlTemplate":"https:\/\/www.primanedacademy.com\/?s={search_term_string}"},"query-input":{"@type":"PropertyValueSpecification","valueRequired":true,"valueName":"search_term_string"}}],"inLanguage":"es"}]}},"_links":{"self":[{"href":"https:\/\/www.primanedacademy.com\/es\/wp-json\/wp\/v2\/pages\/9814","targetHints":{"allow":["GET"]}}],"collection":[{"href":"https:\/\/www.primanedacademy.com\/es\/wp-json\/wp\/v2\/pages"}],"about":[{"href":"https:\/\/www.primanedacademy.com\/es\/wp-json\/wp\/v2\/types\/page"}],"author":[{"embeddable":true,"href":"https:\/\/www.primanedacademy.com\/es\/wp-json\/wp\/v2\/users\/1"}],"replies":[{"embeddable":true,"href":"https:\/\/www.primanedacademy.com\/es\/wp-json\/wp\/v2\/comments?post=9814"}],"version-history":[{"count":1,"href":"https:\/\/www.primanedacademy.com\/es\/wp-json\/wp\/v2\/pages\/9814\/revisions"}],"predecessor-version":[{"id":10177,"href":"https:\/\/www.primanedacademy.com\/es\/wp-json\/wp\/v2\/pages\/9814\/revisions\/10177"}],"wp:featuredmedia":[{"embeddable":true,"href":"https:\/\/www.primanedacademy.com\/es\/wp-json\/wp\/v2\/media\/9815"}],"wp:attachment":[{"href":"https:\/\/www.primanedacademy.com\/es\/wp-json\/wp\/v2\/media?parent=9814"}],"curies":[{"name":"wp","href":"https:\/\/api.w.org\/{rel}","templated":true}]}}