{"id":10332,"date":"2026-02-02T16:36:28","date_gmt":"2026-02-02T15:36:28","guid":{"rendered":"https:\/\/www.primanedacademy.com\/modalidades-de-formacion\/"},"modified":"2026-02-02T16:36:28","modified_gmt":"2026-02-02T15:36:28","slug":"modalidades-de-formacion","status":"publish","type":"page","link":"https:\/\/www.primanedacademy.com\/es\/modalidades-de-formacion\/","title":{"rendered":"Modalidades de formaci\u00f3n"},"content":{"rendered":"<p>Primaned cuenta con m\u00e1s de 30 a\u00f1os de experiencia en el \u00e1mbito de Project Controls. Ofrecemos asesoramiento a trav\u00e9s de nuestra consultor\u00eda, suministramos software y nos encargamos de su correspondiente implementaci\u00f3n. Gracias a esta amplia experiencia, sabemos que cada empresa tiene sus propios deseos y requisitos para la implementaci\u00f3n de Project Controls en su organizaci\u00f3n. Esto tambi\u00e9n se aplica a los conocimientos y competencias de sus empleados.<\/p>\n<p>Primaned Academy ofrece diferentes modalidades de formaci\u00f3n: cursos presenciales en nuestro centro de formaci\u00f3n o completamente digitales, formaciones incompany en sus propias instalaciones, formaciones a medida y\/o programas que se ajustan a sus objetivos de aprendizaje espec\u00edficos. Con gusto pensamos junto con usted qu\u00e9 es necesario y eficiente para su organizaci\u00f3n.<\/p>\n<p>\u00bfYa tiene en mente una formaci\u00f3n concreta de nuestra oferta? \u00bfO tiene otra necesidad de aprendizaje? Para cualquier consulta puede ponerse en contacto con nosotros por correo electr\u00f3nico, a trav\u00e9s de nuestra p\u00e1gina web o por tel\u00e9fono. Una vez que recibimos su solicitud, nos pondremos en contacto telef\u00f3nico para aclarar conjuntamente la necesidad formativa cuando sea necesario. Con base en esta conversaci\u00f3n, recibir\u00e1 una propuesta personalizada con el programa de aprendizaje y la inversi\u00f3n. Si la propuesta se ajusta a sus expectativas, planificaremos juntos las jornadas de formaci\u00f3n.<\/p>\n<p>La Primaned Academy ha formado, entre otros, a empleados de RET, Siemens, APM Terminals, Fokker, Royal IHC, ProRail, BAM, Thales, Rijkswaterstaat, Shell, Damen Shipyards, Bombardier, Mobilis, Vanderlande y decenas de otras organizaciones de proyectos. \u00bfLe interesa saber qu\u00e9 podemos significar para su empresa? Entonces p\u00f3ngase en contacto con nosotros.<\/p>\n<p>&nbsp;<\/p>\n","protected":false},"excerpt":{"rendered":"<p>Primaned cuenta con m\u00e1s de 30 a\u00f1os de experiencia en el \u00e1mbito de Project Controls. Ofrecemos asesoramiento a trav\u00e9s de nuestra consultor\u00eda, suministramos software y nos encargamos de su correspondiente implementaci\u00f3n. Gracias a esta amplia experiencia, sabemos que cada empresa tiene sus propios deseos y requisitos para la implementaci\u00f3n de Project Controls en su organizaci\u00f3n. [&hellip;]<\/p>\n","protected":false},"author":1,"featured_media":9713,"parent":0,"menu_order":0,"comment_status":"closed","ping_status":"closed","template":"","meta":{"_acf_changed":false,"_monsterinsights_skip_tracking":false,"_monsterinsights_sitenote_active":false,"_monsterinsights_sitenote_note":"","_monsterinsights_sitenote_category":0,"footnotes":""},"class_list":["post-10332","page","type-page","status-publish","has-post-thumbnail","hentry"],"acf":[],"yoast_head":"<!-- This site is optimized with the Yoast SEO plugin v27.4 - https:\/\/yoast.com\/product\/yoast-seo-wordpress\/ -->\n<title>Modalidades de formaci\u00f3n - Primaned Academy<\/title>\n<meta name=\"description\" content=\"Primaned Academy ofrece diferentes modalidades de formaci\u00f3n: cursos presenciales en nuestro centro de formaci\u00f3n o completamente digitales, formaciones incompany en sus propias instalaciones, formaciones a medida y\/o programas que se ajustan a sus objetivos de aprendizaje espec\u00edficos. Con gusto pensamos junto con usted qu\u00e9 es necesario y eficiente para su organizaci\u00f3n.\" \/>\n<meta name=\"robots\" content=\"index, follow, max-snippet:-1, max-image-preview:large, max-video-preview:-1\" \/>\n<link rel=\"canonical\" href=\"https:\/\/www.primanedacademy.com\/incompany\/\" \/>\n<meta property=\"og:locale\" content=\"es_ES\" \/>\n<meta property=\"og:type\" content=\"article\" \/>\n<meta property=\"og:title\" content=\"Modalidades de formaci\u00f3n - Primaned Academy\" \/>\n<meta property=\"og:description\" content=\"Primaned Academy ofrece diferentes modalidades de formaci\u00f3n: cursos presenciales en nuestro centro de formaci\u00f3n o completamente digitales, formaciones incompany en sus propias instalaciones, formaciones a medida y\/o programas que se ajustan a sus objetivos de aprendizaje espec\u00edficos. Con gusto pensamos junto con usted qu\u00e9 es necesario y eficiente para su organizaci\u00f3n.\" \/>\n<meta property=\"og:url\" content=\"https:\/\/www.primanedacademy.com\/incompany\/\" \/>\n<meta property=\"og:site_name\" content=\"Primaned Academy\" \/>\n<meta property=\"og:image\" content=\"https:\/\/www.primanedacademy.com\/wp-content\/uploads\/Primaned_Academy_lokaal.jpg\" \/>\n\t<meta property=\"og:image:width\" content=\"1920\" \/>\n\t<meta property=\"og:image:height\" content=\"919\" \/>\n\t<meta property=\"og:image:type\" content=\"image\/jpeg\" \/>\n<meta name=\"twitter:card\" content=\"summary_large_image\" \/>\n<meta name=\"twitter:label1\" content=\"Tiempo de lectura\" \/>\n\t<meta name=\"twitter:data1\" content=\"1 minuto\" \/>\n<script type=\"application\/ld+json\" class=\"yoast-schema-graph\">{\"@context\":\"https:\\\/\\\/schema.org\",\"@graph\":[{\"@type\":\"WebPage\",\"@id\":\"https:\\\/\\\/www.primanedacademy.com\\\/incompany\\\/\",\"url\":\"https:\\\/\\\/www.primanedacademy.com\\\/incompany\\\/\",\"name\":\"Modalidades de formaci\u00f3n - Primaned Academy\",\"isPartOf\":{\"@id\":\"https:\\\/\\\/www.primanedacademy.com\\\/#website\"},\"primaryImageOfPage\":{\"@id\":\"https:\\\/\\\/www.primanedacademy.com\\\/incompany\\\/#primaryimage\"},\"image\":{\"@id\":\"https:\\\/\\\/www.primanedacademy.com\\\/incompany\\\/#primaryimage\"},\"thumbnailUrl\":\"https:\\\/\\\/www.primanedacademy.com\\\/wp-content\\\/uploads\\\/Primaned_Academy_lokaal.jpg\",\"datePublished\":\"2026-02-02T15:36:28+00:00\",\"description\":\"Primaned Academy ofrece diferentes modalidades de formaci\u00f3n: cursos presenciales en nuestro centro de formaci\u00f3n o completamente digitales, formaciones incompany en sus propias instalaciones, formaciones a medida y\\\/o programas que se ajustan a sus objetivos de aprendizaje espec\u00edficos. Con gusto pensamos junto con usted qu\u00e9 es necesario y eficiente para su organizaci\u00f3n.\",\"breadcrumb\":{\"@id\":\"https:\\\/\\\/www.primanedacademy.com\\\/incompany\\\/#breadcrumb\"},\"inLanguage\":\"es\",\"potentialAction\":[{\"@type\":\"ReadAction\",\"target\":[\"https:\\\/\\\/www.primanedacademy.com\\\/incompany\\\/\"]}]},{\"@type\":\"ImageObject\",\"inLanguage\":\"es\",\"@id\":\"https:\\\/\\\/www.primanedacademy.com\\\/incompany\\\/#primaryimage\",\"url\":\"https:\\\/\\\/www.primanedacademy.com\\\/wp-content\\\/uploads\\\/Primaned_Academy_lokaal.jpg\",\"contentUrl\":\"https:\\\/\\\/www.primanedacademy.com\\\/wp-content\\\/uploads\\\/Primaned_Academy_lokaal.jpg\",\"width\":1920,\"height\":919},{\"@type\":\"BreadcrumbList\",\"@id\":\"https:\\\/\\\/www.primanedacademy.com\\\/incompany\\\/#breadcrumb\",\"itemListElement\":[{\"@type\":\"ListItem\",\"position\":1,\"name\":\"Home\",\"item\":\"https:\\\/\\\/www.primanedacademy.com\\\/es\\\/\"},{\"@type\":\"ListItem\",\"position\":2,\"name\":\"Modalidades de formaci\u00f3n\"}]},{\"@type\":\"WebSite\",\"@id\":\"https:\\\/\\\/www.primanedacademy.com\\\/#website\",\"url\":\"https:\\\/\\\/www.primanedacademy.com\\\/\",\"name\":\"Primaned Academy\",\"description\":\"Opleidingen in Projectbeheersing \\\/ Project Controls\",\"potentialAction\":[{\"@type\":\"SearchAction\",\"target\":{\"@type\":\"EntryPoint\",\"urlTemplate\":\"https:\\\/\\\/www.primanedacademy.com\\\/?s={search_term_string}\"},\"query-input\":{\"@type\":\"PropertyValueSpecification\",\"valueRequired\":true,\"valueName\":\"search_term_string\"}}],\"inLanguage\":\"es\"}]}<\/script>\n<!-- \/ Yoast SEO plugin. -->","yoast_head_json":{"title":"Modalidades de formaci\u00f3n - Primaned Academy","description":"Primaned Academy ofrece diferentes modalidades de formaci\u00f3n: cursos presenciales en nuestro centro de formaci\u00f3n o completamente digitales, formaciones incompany en sus propias instalaciones, formaciones a medida y\/o programas que se ajustan a sus objetivos de aprendizaje espec\u00edficos. Con gusto pensamos junto con usted qu\u00e9 es necesario y eficiente para su organizaci\u00f3n.","robots":{"index":"index","follow":"follow","max-snippet":"max-snippet:-1","max-image-preview":"max-image-preview:large","max-video-preview":"max-video-preview:-1"},"canonical":"https:\/\/www.primanedacademy.com\/incompany\/","og_locale":"es_ES","og_type":"article","og_title":"Modalidades de formaci\u00f3n - Primaned Academy","og_description":"Primaned Academy ofrece diferentes modalidades de formaci\u00f3n: cursos presenciales en nuestro centro de formaci\u00f3n o completamente digitales, formaciones incompany en sus propias instalaciones, formaciones a medida y\/o programas que se ajustan a sus objetivos de aprendizaje espec\u00edficos. Con gusto pensamos junto con usted qu\u00e9 es necesario y eficiente para su organizaci\u00f3n.","og_url":"https:\/\/www.primanedacademy.com\/incompany\/","og_site_name":"Primaned Academy","og_image":[{"width":1920,"height":919,"url":"https:\/\/www.primanedacademy.com\/wp-content\/uploads\/Primaned_Academy_lokaal.jpg","type":"image\/jpeg"}],"twitter_card":"summary_large_image","twitter_misc":{"Tiempo de lectura":"1 minuto"},"schema":{"@context":"https:\/\/schema.org","@graph":[{"@type":"WebPage","@id":"https:\/\/www.primanedacademy.com\/incompany\/","url":"https:\/\/www.primanedacademy.com\/incompany\/","name":"Modalidades de formaci\u00f3n - Primaned Academy","isPartOf":{"@id":"https:\/\/www.primanedacademy.com\/#website"},"primaryImageOfPage":{"@id":"https:\/\/www.primanedacademy.com\/incompany\/#primaryimage"},"image":{"@id":"https:\/\/www.primanedacademy.com\/incompany\/#primaryimage"},"thumbnailUrl":"https:\/\/www.primanedacademy.com\/wp-content\/uploads\/Primaned_Academy_lokaal.jpg","datePublished":"2026-02-02T15:36:28+00:00","description":"Primaned Academy ofrece diferentes modalidades de formaci\u00f3n: cursos presenciales en nuestro centro de formaci\u00f3n o completamente digitales, formaciones incompany en sus propias instalaciones, formaciones a medida y\/o programas que se ajustan a sus objetivos de aprendizaje espec\u00edficos. Con gusto pensamos junto con usted qu\u00e9 es necesario y eficiente para su organizaci\u00f3n.","breadcrumb":{"@id":"https:\/\/www.primanedacademy.com\/incompany\/#breadcrumb"},"inLanguage":"es","potentialAction":[{"@type":"ReadAction","target":["https:\/\/www.primanedacademy.com\/incompany\/"]}]},{"@type":"ImageObject","inLanguage":"es","@id":"https:\/\/www.primanedacademy.com\/incompany\/#primaryimage","url":"https:\/\/www.primanedacademy.com\/wp-content\/uploads\/Primaned_Academy_lokaal.jpg","contentUrl":"https:\/\/www.primanedacademy.com\/wp-content\/uploads\/Primaned_Academy_lokaal.jpg","width":1920,"height":919},{"@type":"BreadcrumbList","@id":"https:\/\/www.primanedacademy.com\/incompany\/#breadcrumb","itemListElement":[{"@type":"ListItem","position":1,"name":"Home","item":"https:\/\/www.primanedacademy.com\/es\/"},{"@type":"ListItem","position":2,"name":"Modalidades de formaci\u00f3n"}]},{"@type":"WebSite","@id":"https:\/\/www.primanedacademy.com\/#website","url":"https:\/\/www.primanedacademy.com\/","name":"Primaned Academy","description":"Opleidingen in Projectbeheersing \/ Project Controls","potentialAction":[{"@type":"SearchAction","target":{"@type":"EntryPoint","urlTemplate":"https:\/\/www.primanedacademy.com\/?s={search_term_string}"},"query-input":{"@type":"PropertyValueSpecification","valueRequired":true,"valueName":"search_term_string"}}],"inLanguage":"es"}]}},"_links":{"self":[{"href":"https:\/\/www.primanedacademy.com\/es\/wp-json\/wp\/v2\/pages\/10332","targetHints":{"allow":["GET"]}}],"collection":[{"href":"https:\/\/www.primanedacademy.com\/es\/wp-json\/wp\/v2\/pages"}],"about":[{"href":"https:\/\/www.primanedacademy.com\/es\/wp-json\/wp\/v2\/types\/page"}],"author":[{"embeddable":true,"href":"https:\/\/www.primanedacademy.com\/es\/wp-json\/wp\/v2\/users\/1"}],"replies":[{"embeddable":true,"href":"https:\/\/www.primanedacademy.com\/es\/wp-json\/wp\/v2\/comments?post=10332"}],"version-history":[{"count":0,"href":"https:\/\/www.primanedacademy.com\/es\/wp-json\/wp\/v2\/pages\/10332\/revisions"}],"wp:featuredmedia":[{"embeddable":true,"href":"https:\/\/www.primanedacademy.com\/es\/wp-json\/wp\/v2\/media\/9713"}],"wp:attachment":[{"href":"https:\/\/www.primanedacademy.com\/es\/wp-json\/wp\/v2\/media?parent=10332"}],"curies":[{"name":"wp","href":"https:\/\/api.w.org\/{rel}","templated":true}]}}