{"id":9114,"date":"2024-04-16T13:50:09","date_gmt":"2024-04-16T11:50:09","guid":{"rendered":"https:\/\/www.primanedacademy.com\/cookie-richtlinie\/"},"modified":"2024-04-16T13:55:28","modified_gmt":"2024-04-16T11:55:28","slug":"cookie-richtlinie","status":"publish","type":"page","link":"https:\/\/www.primanedacademy.com\/de\/cookie-richtlinie\/","title":{"rendered":"Cookie Richtlinie"},"content":{"rendered":"<h1><span class=\"Apple-converted-space\">\u00a0<\/span>Cookie-Richtlinie f\u00fcr<span class=\"Apple-converted-space\">\u00a0<\/span>die Website primaned.com<span class=\"Apple-converted-space\">\u00a0<\/span><\/h1>\n<h2>1. GEGENSTAND DIESER RICHTLINIE<\/h2>\n<p>Mit dieser Cookie-Richtlinie informieren wir Sie dar\u00fcber, auf welche Weise unsere Unternehmen, Primaned BV, Fascinatio Boulevard 522, P.O Box 247, 2909 VA Capelle aan den Ijssel,, Niederlande und Primaned GmbH, Gro\u00dfe Gallusstra\u00dfe 16-18, 60312 Frankfurt am Main (nachfolgend gemeinsam: &#8222;<b>wir<\/b>&#8222;), Cookies im Zusammenhang mit dem Betrieb unserer Website https:\/\/www.primaned.com (nachfolgend: &#8222;<b>unsere Website&#8220; <\/b>genannt) verwenden.<span class=\"Apple-converted-space\">\u00a0<\/span><\/p>\n<h2>2. WAS SIND COOKIES?<span class=\"Apple-converted-space\">\u00a0<\/span><\/h2>\n<p>Cookies sind kleine Textdateien mit Informationen, die beim Besuch einer Website \u00fcber den Browser auf dem Endger\u00e4t des Nutzers abgelegt werden k\u00f6nnen. Wird die Website mit demselben Endger\u00e4t erneut aufgerufen, k\u00f6nnen das Cookie und die darin gespeicherten Informationen abgerufen werden.<span class=\"Apple-converted-space\">\u00a0<\/span><\/p>\n<h2>3. WELCHE ARTEN VON COOKIES WIR VERWENDEN<span class=\"Apple-converted-space\">\u00a0<\/span><\/h2>\n<p>Wir verwenden verschiedene Arten von Cookies in unterschiedlichen Kombinationen auf unserer Website:<span class=\"Apple-converted-space\">\u00a0<\/span><\/p>\n<h3>Je nach ihrem Zweck<span class=\"Apple-converted-space\">\u00a0<\/span><\/h3>\n<p>Unbedingt technisch<span class=\"Apple-converted-space\">\u00a0<\/span><\/p>\n<p>notwendige Cookies Cookies, die verwendet werden, um wesentliche Funktionen unserer Website zu erm\u00f6glichen, wie z. B. die Seitennavigation, und ohne die unsere Website nicht ordnungsgem\u00e4\u00df funktionieren kann.<span class=\"Apple-converted-space\">\u00a0<\/span><\/p>\n<p>Performance-Cookies Cookies, die verwendet werden, um festzustellen, wie Besucher auf unserer Website navigieren, z. B. welche Seiten sie besuchen, wie lange sie verweilen, andere Messgr\u00f6\u00dfen wie Seitenaufrufe, Absprungraten, Mausbewegungen, Klicks, Scrollen und Feedback, und ob Benutzer auf Fehler sto\u00dfen.<span class=\"Apple-converted-space\">\u00a0<\/span><\/p>\n<p>Funktionale Cookies Cookies, die verwendet werden, um festzustellen, wie Besucher unsere Website nutzen und um von Nutzern gew\u00e4hlte Optionen zu speichern oder personalisierte Funktionen bereitzustellen.<span class=\"Apple-converted-space\">\u00a0<\/span><\/p>\n<p>Marketing Cookies Cookies, die verwendet werden, um Nutzern interessante Werbeinhalte anzuzeigen und die Wirksamkeit von Werbema\u00dfnahmen zu messen. Dies geschieht teilweise durch uns selbst auf unserer Website, \u00fcberwiegend jedoch durch selbst\u00e4ndig und eigenverantwortlich handelnde Werbepartner. Ein unmittelbarer R\u00fcckschluss auf eine Person ist dabei nicht m\u00f6glich.<span class=\"Apple-converted-space\">\u00a0<\/span><\/p>\n<h3>Abh\u00e4ngig von ihrer G\u00fcltigkeitsdauer<span class=\"Apple-converted-space\">\u00a0<\/span><\/h3>\n<p>Vor\u00fcbergehende Cookies Cookies, die automatisch gel\u00f6scht werden, wenn Sie Ihren Browser schlie\u00dfen<span class=\"Apple-converted-space\">\u00a0<\/span><\/p>\n<p>Dauerhafte Cookies Cookies, die nach dem Schlie\u00dfen Ihres Browsers f\u00fcr eine bestimmte Zeit auf Ihrem Endger\u00e4t gespeichert bleiben<span class=\"Apple-converted-space\">\u00a0<\/span><\/p>\n<h3>Je nachdem, wer das Cookie setzt oder darauf zugreift<span class=\"Apple-converted-space\">\u00a0<\/span><\/h3>\n<p>Erstanbieter-Cookies Cookies, die wir selbst setzen oder auf die wir selbst zugreifen<span class=\"Apple-converted-space\">\u00a0<\/span><\/p>\n<p>Drittanbieter-Cookies Cookies, die von anderen Unternehmen auf unserer Website gesetzt oder abgerufen werden<span class=\"Apple-converted-space\">\u00a0<\/span><\/p>\n<h2>4. F\u00dcR WELCHE ZWECKE UND AUF WELCHER RECHTSGRUNDLAGE WIR COOKIES VERWENDEN<span class=\"Apple-converted-space\">\u00a0<\/span><\/h2>\n<p>Wir verwenden Cookies auf unserer Website f\u00fcr die in der vorstehenden Ziffer 3 genannten Zwecke.<span class=\"Apple-converted-space\">\u00a0<\/span><\/p>\n<p>Die Rechtsgrundlage f\u00fcr die Verwendung von unbedingt technisch notwendigen Cookies ist unser berechtigtes Interesse an der Darstellung unserer Website und der Gew\u00e4hrleistung ihrer Stabilit\u00e4t und Sicherheit. Die Rechtsgrundlage hierf\u00fcr ist Art. 6 (1) (f) DSGVO. Diese Cookies k\u00f6nnen \u00fcber unsere Website nicht deaktiviert werden.<span class=\"Apple-converted-space\">\u00a0<\/span><\/p>\n<p>Alle anderen Cookies, insbesondere Performance-Cookies, Funktionale Cookies und Marketing-Cookies, werden auf unserer Website nur verwendet, wenn Sie uns zuvor Ihre Zustimmung gem\u00e4\u00df Art. 6 (1) (a) DSGVO erteilt haben.<span class=\"Apple-converted-space\">\u00a0<\/span><\/p>\n<p>Wenn Sie zum ersten Mal auf unsere Website zugreifen, zeigen wir einen Cookie-Banner an, in dem Sie durch Klicken einer Schaltfl\u00e4che Ihr Einverst\u00e4ndnis zur Verwendung von Cookies auf unserer Website erkl\u00e4ren k\u00f6nnen.<span class=\"Apple-converted-space\">\u00a0<\/span><\/p>\n<p>Sie haben die folgenden M\u00f6glichkeiten:<span class=\"Apple-converted-space\">\u00a0<\/span><\/p>\n<ul>\n<li>Wenn Sie auf die Schaltfl\u00e4che &#8222;AKZEPTIEREN&#8220; klicken, k\u00f6nnen Sie der Verwendung aller in unserer Cookie-Liste aufgef\u00fchrten Cookies zustimmen (siehe Ziffer 9 unten).<span class=\"Apple-converted-space\">\u00a0<\/span><\/li>\n<\/ul>\n<ul>\n<li>Indem Sie auf die Schaltfl\u00e4che &#8222;VERWEIGERN&#8220; klicken, k\u00f6nnen Sie die Verwendung aller in unserer Cookie-Liste (siehe Ziffer 9 unten) aufgef\u00fchrten Cookies ausschlie\u00dfen, mit Ausnahme der technisch unbedingt notwendigen Cookies, da diese f\u00fcr den Zugriff auf unsere Website unbedingt erforderlich sind.<span class=\"Apple-converted-space\">\u00a0<\/span><\/li>\n<\/ul>\n<ul>\n<li>Durch Anklicken der Schaltfl\u00e4che &#8222;EINSTELLUNGEN ANZEIGEN&#8220; werden Sie zu einem zweiten Cookie-Banner weitergeleitet, der die auf unserer Website verwendeten Cookie-Kategorien (und detailliertere Informationen zu den in die Kategorien fallenden Cookies) anzeigt und Ihnen die M\u00f6glichkeit gibt, Ihre Zustimmung zur Verwendung der in unserer Cookie-Liste (siehe Ziffer 9 unten) aufgef\u00fchrten Cookies pro Kategorie einzuschr\u00e4nken.<span class=\"Apple-converted-space\">\u00a0<\/span><\/li>\n<\/ul>\n<ul>\n<li>Mit einem Klick auf die &#8222;EINSTELLUNGEN ANZEIGEN&#8220; Schaltfl\u00e4che k\u00f6nnen Sie eine getroffene Auswahl zu einem sp\u00e4teren Zeitpunkt individuell anpassen.<span class=\"Apple-converted-space\">\u00a0<\/span><\/li>\n<\/ul>\n<p>Au\u00dferdem speichern wir Ihre Einwilligung und ggf. Ihre individuelle Auswahl von Cookies in Form eines sog. Opt-In-Cookies auf Ihrem Endger\u00e4t, um bei einem erneuten Aufruf unserer Website feststellen zu k\u00f6nnen, ob Sie Ihre Einwilligung bereits erteilt haben.<span class=\"Apple-converted-space\">\u00a0<\/span><\/p>\n<h2>5. WIE LANGE WIR COOKIES VERWENDEN<\/h2>\n<p>Die Dauer, f\u00fcr die wir Cookies auf unserer Website verwenden, k\u00f6nnen Sie unserer Cookie-Liste entnehmen (siehe dazu die nachfolgende Ziffer 9).<span class=\"Apple-converted-space\">\u00a0<\/span><\/p>\n<h2>6. WO WIR IHRE COOKIE-DATEN NORMALERWEISE VERARBEITEN UND \u00dcBERMITTELN<\/h2>\n<p>Wir haben externe IT-Dienstleister mit dem Hosting und der Analyse unserer Website beauftragt, die Ihre Cookie-Daten teilweise in unserem Auftrag verarbeiten. Durch den Abschluss von Vereinbarungen \u00fcber die Auftragsdatenverarbeitung oder \u00fcber die gemeinsame Kontrolle der \u00dcbertragung von Cookie-Daten mit unseren externen Dienstleistern stellen wir sicher, dass Ihre Cookie-Daten im Einklang mit der DSGVO verarbeitet werden.<span class=\"Apple-converted-space\">\u00a0<\/span><\/p>\n<p>Die Verarbeitung der auf unserer Website verwendeten Cookies findet \u00fcberwiegend innerhalb der Europ\u00e4ischen Union statt. In bestimmten F\u00e4llen erfolgt eine Verarbeitung von Cookie-Daten au\u00dferhalb der Europ\u00e4ischen Union. Diese sin in der nachfolgenden Ziffer 7 erl\u00e4utert.<span class=\"Apple-converted-space\">\u00a0<\/span><\/p>\n<h2>7. \u00dcBERTRAGUNG VON COOKIE-DATEN AN EMPF\u00c4NGER AU\u00dfERHALB DER EUROP\u00c4ISCHEN UNION<\/h2>\n<p>Abweichend von der vorstehenden Ziffer 6 k\u00f6nnen Cookie-Daten an Empf\u00e4nger au\u00dferhalb der Europ\u00e4ischen Union \u00fcbermittelt werden. Dies betrifft die folgenden Empf\u00e4nger:<span class=\"Apple-converted-space\">\u00a0<\/span><\/p>\n<h3>Google Analytics<span class=\"Apple-converted-space\">\u00a0<\/span><\/h3>\n<p>Wir verwenden Google Analytics, einen Webanalysedienst der Google Ireland Limited, Gordon House, 4 Barrow St, Dublin, D04 E5W5, Irland (&#8222;Google&#8220;), um Anzeigen, die \u00fcber Google und seine Partner geschaltet werden, nur Nutzern anzuzeigen, die ein Interesse an unserer Website oder an von Google als relevant erachteten Themen gezeigt haben. Die f\u00fcr diesen Webanalysedienst gesetzten Cookies k\u00f6nnen auch an Einrichtungen und Server von Google in den USA \u00fcbertragen werden.<span class=\"Apple-converted-space\">\u00a0<\/span><\/p>\n<p>Google beteiligt sich am aktuellen EU-U.S. Data Privacy Framework (&#8222;DPF&#8220;), das dem US-Handelsministerium gegen\u00fcber zertifiziert ist und das derzeit von der Europ\u00e4ischen Kommission als angemessenes Datenschutzniveau anerkannt wird, das dem Datenschutzniveau der Europ\u00e4ischen Datenschutz-Grundverordnung entspricht.<span class=\"Apple-converted-space\">\u00a0<\/span><\/p>\n<p>Wir verwenden Google Analytics nur mit aktivierter IP-Anonymisierung. Das bedeutet, dass die IP-Adresse des Nutzers von Google innerhalb von Mitgliedstaaten der Europ\u00e4ischen Union oder in anderen Vertragsstaaten des Abkommens \u00fcber den Europ\u00e4ischen Wirtschaftsraum gek\u00fcrzt wird. Nur in Ausnahmef\u00e4llen wird die volle IP-Adresse an einen Server von Google in den USA \u00fcbertragen und dort gek\u00fcrzt.<span class=\"Apple-converted-space\">\u00a0<\/span><\/p>\n<p>Wenn Sie einen der g\u00e4ngigen Browser wie Chrome, Safari, Microsoft Edge oder Firefox verwenden, k\u00f6nnen Sie die Speicherung von Cookies f\u00fcr Google Analytics deaktivieren, indem Sie ein Add-on von Google herunterladen. Weitere Details finden Sie unter dem folgenden Link:<span class=\"Apple-converted-space\">\u00a0<\/span><\/p>\n<p><a href=\"https:\/\/tools.google.com\/dlpage\/gaoptout?hl=de\" target=\"_blank\" rel=\"noopener\">https:\/\/tools.google.com\/dlpage\/gaoptout?hl=de<span class=\"Apple-converted-space\">\u00a0<\/span><\/a><\/p>\n<p>Dar\u00fcber hinaus haben Sie die M\u00f6glichkeit, die Speicherung von Cookies f\u00fcr Google Analytics direkt \u00fcber Ihren Browser zu verhindern. N\u00e4heres dazu finden Sie unter der nachfolgenden Ziffer 8. Weitere Informationen zur Datennutzung durch Google sowie Einstellungs- und Opt-out-M\u00f6glichkeiten finden Sie auf der Google-Website:<span class=\"Apple-converted-space\">\u00a0<\/span><\/p>\n<p><a href=\"https:\/\/www.google.com\/intl\/de\/policies\/privacy\/partners\" target=\"_blank\" rel=\"noopener\">https:\/\/www.google.com\/intl\/de\/policies\/privacy\/partners<\/a><span class=\"Apple-converted-space\">\u00a0<\/span><\/p>\n<h3>Lucky Orange<span class=\"Apple-converted-space\">\u00a0<\/span><\/h3>\n<p>Im Zusammenhang mit dem Betrieb unserer Website setzen wir Webanalyse-Dienste der Lucky Orange LLC, 86665 W 96th Suite 100, Overland Park, KS 66212, USA (\u201cLucky Orange\u201d) ein.<span class=\"Apple-converted-space\">\u00a0<\/span><\/p>\n<p>Lucky Orange beteiligt sich ebenfalls am aktuellen EU-U.S. Data Privacy Framework (&#8222;DPF&#8220;), das dem US-Handelsministerium gegen\u00fcber zertifiziert ist und das derzeit von der Europ\u00e4ischen Kommission als angemessenes Datenschutzniveau anerkannt wird, das dem Datenschutzniveau der Europ\u00e4ischen Datenschutz-Grundverordnung entspricht.<span class=\"Apple-converted-space\">\u00a0<\/span><\/p>\n<p>Die Datenschutzerkl\u00e4rung von Lucky Orange finden Sie auf deren Website unter dem folgenden Link:<span class=\"Apple-converted-space\">\u00a0<\/span><\/p>\n<p><a href=\"https:\/\/www.luckyorange.com\/legal\" target=\"_blank\" rel=\"noopener\">https:\/\/www.luckyorange.com\/legal<\/a><span class=\"Apple-converted-space\">\u00a0<\/span><\/p>\n<h3>HubSpot<span class=\"Apple-converted-space\">\u00a0<\/span><\/h3>\n<p>Im Zusammenhang mit dem Betrieb unserer Website setzen wir Webanalyse-Dienste der Hubspot, Inc., mit Sitz 2 Canal Park, Cambridge, MA 02141, USA (&#8222;HubSpot&#8220;) ein.<span class=\"Apple-converted-space\">\u00a0<\/span><\/p>\n<p>HubSpot beteiligt sich ebenfalls am aktuellen EU-U.S. Data Privacy Framework (&#8222;DPF&#8220;), das dem US-Handelsministerium gegen\u00fcber zertifiziert ist und das derzeit von der Europ\u00e4ischen Kommission als angemessenes Datenschutzniveau anerkannt wird, das dem Datenschutzniveau der Europ\u00e4ischen Datenschutz-Grundverordnung entspricht.<span class=\"Apple-converted-space\">\u00a0<\/span><\/p>\n<p>Die Datenschutzerkl\u00e4rung von HubSpot finden Sie auf deren Website unter dem folgenden Link:<span class=\"Apple-converted-space\">\u00a0<\/span><\/p>\n<p><a href=\"https:\/\/legal.hubspot.com\/de\/privacy-policy\" target=\"_blank\" rel=\"noopener\">https:\/\/legal.hubspot.com\/de\/privacy-policy<span class=\"Apple-converted-space\">\u00a0<\/span><\/a><\/p>\n<h2>8. WIE SIE DIE SPEICHERUNG VON COOKIES VERWALTEN K\u00d6NNEN<\/h2>\n<p>Sie k\u00f6nnen die Verwendung von Cookies \u00fcber unsere Website, aber auch \u00fcber die Einstellungen Ihres Browsers verwalten.<span class=\"Apple-converted-space\">\u00a0<\/span><\/p>\n<p>Verschiedene Browser bieten unterschiedliche M\u00f6glichkeiten, die Cookie-Einstellungen im Browser zu konfigurieren. Weitere Informationen dazu finden Sie zum Beispiel auf den folgenden Websites:<span class=\"Apple-converted-space\">\u00a0<\/span><\/p>\n<p>Im Allgemeinen wird auf der englischsprachigen Website<span class=\"Apple-converted-space\">\u00a0<\/span><\/p>\n<p><a href=\"https:\/\/allaboutcookies.org\/how-to-manage-cookies\" target=\"_blank\" rel=\"noopener\">https:\/\/allaboutcookies.org\/how-to-manage-cookies<\/a><span class=\"Apple-converted-space\">\u00a0<\/span><\/p>\n<p>Wenn Sie Chrome verwenden:<span class=\"Apple-converted-space\">\u00a0<\/span><\/p>\n<p><a href=\"https:\/\/support.google.com\/chrome\/answer\/95647?hl=de&amp;co=GENIE.Platform%3DDesktop\" target=\"_blank\" rel=\"noopener\">https:\/\/support.google.com\/chrome\/answer\/95647?hl=de&amp;co=GENIE.Platform%3DDesktop<\/a><span class=\"Apple-converted-space\">\u00a0<\/span><\/p>\n<p>Wenn Sie Microsoft Edge verwenden:<span class=\"Apple-converted-space\">\u00a0<\/span><\/p>\n<p><a href=\"https:\/\/support.microsoft.com\/de-de\/topic\/cookies-in-microsoft-edge-anzeigen-a7d95376-f2cd-8e4a-25dc-1de753474879\" target=\"_blank\" rel=\"noopener\">https:\/\/support.microsoft.com\/de-de\/topic\/cookies-in-microsoft-edge-anzeigen-a7d95376-f2cd-8e4a-25dc-1de753474879<\/a><span class=\"Apple-converted-space\">\u00a0<\/span><\/p>\n<p>Wenn Sie Android verwenden:<span class=\"Apple-converted-space\">\u00a0<\/span><\/p>\n<p><a href=\"https:\/\/support.google.com\/accounts\/answer\/61416?hl=de&amp;co=GENIE.Platform%3DAndroid\" target=\"_blank\" rel=\"noopener\">https:\/\/support.google.com\/accounts\/answer\/61416?hl=de&amp;co=GENIE.Platform%3DAndroid<\/a><span class=\"Apple-converted-space\">\u00a0<\/span><\/p>\n<p>Wenn Sie Safari verwenden:<span class=\"Apple-converted-space\">\u00a0<\/span><\/p>\n<p><a href=\"https:\/\/support.apple.com\/de-de\/guide\/deployment\/depf7d5714d4\/web\" target=\"_blank\" rel=\"noopener\">https:\/\/support.apple.com\/de-de\/guide\/deployment\/depf7d5714d4\/web<\/a><span class=\"Apple-converted-space\">\u00a0<\/span><\/p>\n<p>Wenn Sie Firefox verwenden:<span class=\"Apple-converted-space\">\u00a0<\/span><\/p>\n<p><a href=\"https:\/\/support.mozilla.org\/de\/kb\/Cookies-blockieren\" target=\"_blank\" rel=\"noopener\">https:\/\/support.mozilla.org\/de\/kb\/Cookies-blockieren<\/a><span class=\"Apple-converted-space\">\u00a0<\/span><\/p>\n<p>Wenn Sie Cookies in Ihrem Browser generell deaktivieren, k\u00f6nnen einzelne Funktionen unserer Website nicht oder nicht mehr richtig funktionieren.<span class=\"Apple-converted-space\">\u00a0<\/span><\/p>\n<p>Sie k\u00f6nnen der Verwendung von Marketing-Cookies auch \u00fcber die Deaktivierungsseiten der folgenden englischsprachigen Websites widersprechen:<span class=\"Apple-converted-space\">\u00a0<\/span><\/p>\n<p><a href=\"https:\/\/optout.networkadvertising.org\/\" target=\"_blank\" rel=\"noopener\">https:\/\/optout.networkadvertising.org\/<\/a><span class=\"Apple-converted-space\"><br \/>\n<\/span><a href=\"https:\/\/www.youronlinechoices.com\/uk\/your-ad-choices\/\" target=\"_blank\" rel=\"noopener\">https:\/\/www.youronlinechoices.com\/uk\/your-ad-choices\/<\/a><span class=\"Apple-converted-space\"><br \/>\n<\/span><a href=\"https:\/\/www.aboutads.info\/choices\" target=\"_blank\" rel=\"noopener\">https:\/\/www.aboutads.info\/choices<\/a><span class=\"Apple-converted-space\">\u00a0<\/span><\/p>\n<h2>9. UNSERE COOKIE-LISTE<span class=\"Apple-converted-space\">\u00a0<\/span><\/h2>\n<p>Weitere Einzelheiten zu den auf unserer Website verwendeten Cookies finden Sie in der nachstehenden Liste.<span class=\"Apple-converted-space\">\u00a0<\/span><\/p>\n<p>[cmplz-cookies]<\/p>\n<h2>10. IHRE RECHTE IM ZUSAMMENHANG MIT UNSERER VERWENDUNG VON COOKIE-DATEN<span class=\"Apple-converted-space\">\u00a0<\/span><\/h2>\n<p>Sie haben dieselben Datenschutzrechte in Bezug auf die Verarbeitung von Cookie-Daten auf unserer Website wie in Bezug auf die Verarbeitung Ihrer anderen personenbezogenen Daten auf unserer Website. Diese finden Sie in der Datenschutzerkl\u00e4rung f\u00fcr unsere Website unter dem folgenden Link:<span class=\"Apple-converted-space\">\u00a0<\/span><\/p>\n<p><a href=\"https:\/\/www.primaned.com\/de\/privacy-policy-2\/\" target=\"_blank\" rel=\"noopener\">https:\/\/www.primaned.com\/de\/privacy-policy-2\/<\/a><span class=\"Apple-converted-space\">\u00a0<\/span><\/p>\n<h2>11. \u00c4NDERUNGEN<span class=\"Apple-converted-space\">\u00a0<\/span><\/h2>\n<p>Wir behalten uns das Recht vor, diese Cookie-Richtlinie von Zeit zu Zeit zu \u00e4ndern oder zu aktualisieren, um sie an Gesetzes\u00e4nderungen oder \u00c4nderungen der Rahmenbedingungen f\u00fcr unsere Datenverarbeitungsaktivit\u00e4ten anzupassen. F\u00fcr \u00c4nderungen oder Aktualisierungen dieser Cookie-Richtlinie, die nur mit Ihrer Zustimmung umgesetzt werden d\u00fcrfen, werden wir Ihre Zustimmung einholen.<span class=\"Apple-converted-space\">\u00a0<\/span><\/p>\n","protected":false},"excerpt":{"rendered":"<p>\u00a0Cookie-Richtlinie f\u00fcr\u00a0die Website primaned.com\u00a0 1. GEGENSTAND DIESER RICHTLINIE Mit dieser Cookie-Richtlinie informieren wir Sie dar\u00fcber, auf welche Weise unsere Unternehmen, Primaned BV, Fascinatio Boulevard 522, P.O Box 247, 2909 VA Capelle aan den Ijssel,, Niederlande und Primaned GmbH, Gro\u00dfe Gallusstra\u00dfe 16-18, 60312 Frankfurt am Main (nachfolgend gemeinsam: &#8222;wir&#8222;), Cookies im Zusammenhang mit dem Betrieb unserer [&hellip;]<\/p>\n","protected":false},"author":1,"featured_media":0,"parent":0,"menu_order":0,"comment_status":"closed","ping_status":"closed","template":"","meta":{"_acf_changed":false,"_monsterinsights_skip_tracking":false,"_monsterinsights_sitenote_active":false,"_monsterinsights_sitenote_note":"","_monsterinsights_sitenote_category":0,"footnotes":""},"class_list":["post-9114","page","type-page","status-publish","hentry"],"acf":[],"yoast_head":"<!-- This site is optimized with the Yoast SEO plugin v27.5 - https:\/\/yoast.com\/product\/yoast-seo-wordpress\/ -->\n<title>Cookie Richtlinie - Primaned Academy<\/title>\n<meta name=\"robots\" content=\"index, follow, max-snippet:-1, max-image-preview:large, max-video-preview:-1\" \/>\n<link rel=\"canonical\" href=\"https:\/\/www.primanedacademy.com\/de\/cookie-richtlinie\/\" \/>\n<meta property=\"og:locale\" content=\"de_DE\" \/>\n<meta property=\"og:type\" content=\"article\" \/>\n<meta property=\"og:title\" content=\"Cookie Richtlinie - Primaned Academy\" \/>\n<meta property=\"og:description\" content=\"\u00a0Cookie-Richtlinie f\u00fcr\u00a0die Website primaned.com\u00a0 1. GEGENSTAND DIESER RICHTLINIE Mit dieser Cookie-Richtlinie informieren wir Sie dar\u00fcber, auf welche Weise unsere Unternehmen, Primaned BV, Fascinatio Boulevard 522, P.O Box 247, 2909 VA Capelle aan den Ijssel,, Niederlande und Primaned GmbH, Gro\u00dfe Gallusstra\u00dfe 16-18, 60312 Frankfurt am Main (nachfolgend gemeinsam: &#8222;wir&#8222;), Cookies im Zusammenhang mit dem Betrieb unserer [&hellip;]\" \/>\n<meta property=\"og:url\" content=\"https:\/\/www.primanedacademy.com\/de\/cookie-richtlinie\/\" \/>\n<meta property=\"og:site_name\" content=\"Primaned Academy\" \/>\n<meta property=\"article:modified_time\" content=\"2024-04-16T11:55:28+00:00\" \/>\n<meta name=\"twitter:card\" content=\"summary_large_image\" \/>\n<meta name=\"twitter:label1\" content=\"Gesch\u00e4tzte Lesezeit\" \/>\n\t<meta name=\"twitter:data1\" content=\"8\u00a0Minuten\" \/>\n<script type=\"application\/ld+json\" class=\"yoast-schema-graph\">{\"@context\":\"https:\\\/\\\/schema.org\",\"@graph\":[{\"@type\":\"WebPage\",\"@id\":\"https:\\\/\\\/www.primanedacademy.com\\\/de\\\/cookie-richtlinie\\\/\",\"url\":\"https:\\\/\\\/www.primanedacademy.com\\\/de\\\/cookie-richtlinie\\\/\",\"name\":\"Cookie Richtlinie - Primaned Academy\",\"isPartOf\":{\"@id\":\"https:\\\/\\\/www.primanedacademy.com\\\/#website\"},\"datePublished\":\"2024-04-16T11:50:09+00:00\",\"dateModified\":\"2024-04-16T11:55:28+00:00\",\"breadcrumb\":{\"@id\":\"https:\\\/\\\/www.primanedacademy.com\\\/de\\\/cookie-richtlinie\\\/#breadcrumb\"},\"inLanguage\":\"de\",\"potentialAction\":[{\"@type\":\"ReadAction\",\"target\":[\"https:\\\/\\\/www.primanedacademy.com\\\/de\\\/cookie-richtlinie\\\/\"]}]},{\"@type\":\"BreadcrumbList\",\"@id\":\"https:\\\/\\\/www.primanedacademy.com\\\/de\\\/cookie-richtlinie\\\/#breadcrumb\",\"itemListElement\":[{\"@type\":\"ListItem\",\"position\":1,\"name\":\"Home\",\"item\":\"https:\\\/\\\/www.primanedacademy.com\\\/de\\\/\"},{\"@type\":\"ListItem\",\"position\":2,\"name\":\"Cookie Richtlinie\"}]},{\"@type\":\"WebSite\",\"@id\":\"https:\\\/\\\/www.primanedacademy.com\\\/#website\",\"url\":\"https:\\\/\\\/www.primanedacademy.com\\\/\",\"name\":\"Primaned Academy\",\"description\":\"Opleidingen in Projectbeheersing \\\/ Project Controls\",\"potentialAction\":[{\"@type\":\"SearchAction\",\"target\":{\"@type\":\"EntryPoint\",\"urlTemplate\":\"https:\\\/\\\/www.primanedacademy.com\\\/?s={search_term_string}\"},\"query-input\":{\"@type\":\"PropertyValueSpecification\",\"valueRequired\":true,\"valueName\":\"search_term_string\"}}],\"inLanguage\":\"de\"}]}<\/script>\n<!-- \/ Yoast SEO plugin. -->","yoast_head_json":{"title":"Cookie Richtlinie - Primaned Academy","robots":{"index":"index","follow":"follow","max-snippet":"max-snippet:-1","max-image-preview":"max-image-preview:large","max-video-preview":"max-video-preview:-1"},"canonical":"https:\/\/www.primanedacademy.com\/de\/cookie-richtlinie\/","og_locale":"de_DE","og_type":"article","og_title":"Cookie Richtlinie - Primaned Academy","og_description":"\u00a0Cookie-Richtlinie f\u00fcr\u00a0die Website primaned.com\u00a0 1. GEGENSTAND DIESER RICHTLINIE Mit dieser Cookie-Richtlinie informieren wir Sie dar\u00fcber, auf welche Weise unsere Unternehmen, Primaned BV, Fascinatio Boulevard 522, P.O Box 247, 2909 VA Capelle aan den Ijssel,, Niederlande und Primaned GmbH, Gro\u00dfe Gallusstra\u00dfe 16-18, 60312 Frankfurt am Main (nachfolgend gemeinsam: &#8222;wir&#8222;), Cookies im Zusammenhang mit dem Betrieb unserer [&hellip;]","og_url":"https:\/\/www.primanedacademy.com\/de\/cookie-richtlinie\/","og_site_name":"Primaned Academy","article_modified_time":"2024-04-16T11:55:28+00:00","twitter_card":"summary_large_image","twitter_misc":{"Gesch\u00e4tzte Lesezeit":"8\u00a0Minuten"},"schema":{"@context":"https:\/\/schema.org","@graph":[{"@type":"WebPage","@id":"https:\/\/www.primanedacademy.com\/de\/cookie-richtlinie\/","url":"https:\/\/www.primanedacademy.com\/de\/cookie-richtlinie\/","name":"Cookie Richtlinie - Primaned Academy","isPartOf":{"@id":"https:\/\/www.primanedacademy.com\/#website"},"datePublished":"2024-04-16T11:50:09+00:00","dateModified":"2024-04-16T11:55:28+00:00","breadcrumb":{"@id":"https:\/\/www.primanedacademy.com\/de\/cookie-richtlinie\/#breadcrumb"},"inLanguage":"de","potentialAction":[{"@type":"ReadAction","target":["https:\/\/www.primanedacademy.com\/de\/cookie-richtlinie\/"]}]},{"@type":"BreadcrumbList","@id":"https:\/\/www.primanedacademy.com\/de\/cookie-richtlinie\/#breadcrumb","itemListElement":[{"@type":"ListItem","position":1,"name":"Home","item":"https:\/\/www.primanedacademy.com\/de\/"},{"@type":"ListItem","position":2,"name":"Cookie Richtlinie"}]},{"@type":"WebSite","@id":"https:\/\/www.primanedacademy.com\/#website","url":"https:\/\/www.primanedacademy.com\/","name":"Primaned Academy","description":"Opleidingen in Projectbeheersing \/ Project Controls","potentialAction":[{"@type":"SearchAction","target":{"@type":"EntryPoint","urlTemplate":"https:\/\/www.primanedacademy.com\/?s={search_term_string}"},"query-input":{"@type":"PropertyValueSpecification","valueRequired":true,"valueName":"search_term_string"}}],"inLanguage":"de"}]}},"_links":{"self":[{"href":"https:\/\/www.primanedacademy.com\/de\/wp-json\/wp\/v2\/pages\/9114","targetHints":{"allow":["GET"]}}],"collection":[{"href":"https:\/\/www.primanedacademy.com\/de\/wp-json\/wp\/v2\/pages"}],"about":[{"href":"https:\/\/www.primanedacademy.com\/de\/wp-json\/wp\/v2\/types\/page"}],"author":[{"embeddable":true,"href":"https:\/\/www.primanedacademy.com\/de\/wp-json\/wp\/v2\/users\/1"}],"replies":[{"embeddable":true,"href":"https:\/\/www.primanedacademy.com\/de\/wp-json\/wp\/v2\/comments?post=9114"}],"version-history":[{"count":2,"href":"https:\/\/www.primanedacademy.com\/de\/wp-json\/wp\/v2\/pages\/9114\/revisions"}],"predecessor-version":[{"id":9116,"href":"https:\/\/www.primanedacademy.com\/de\/wp-json\/wp\/v2\/pages\/9114\/revisions\/9116"}],"wp:attachment":[{"href":"https:\/\/www.primanedacademy.com\/de\/wp-json\/wp\/v2\/media?parent=9114"}],"curies":[{"name":"wp","href":"https:\/\/api.w.org\/{rel}","templated":true}]}}