{"id":5752,"date":"2021-11-08T14:04:42","date_gmt":"2021-11-08T13:04:42","guid":{"rendered":"https:\/\/www.primanedacademy.com\/?page_id=5752"},"modified":"2024-02-06T11:58:53","modified_gmt":"2024-02-06T10:58:53","slug":"ueber-uns","status":"publish","type":"page","link":"https:\/\/www.primanedacademy.com\/de\/ueber-uns\/","title":{"rendered":"\u00dcber uns"},"content":{"rendered":"<p>Die Primaned Academy ist spezialisiert auf Projektsteuerung. Die vollumf\u00e4ngliche Steuerung von Projekten ist ein recht junge Disziplin und w\u00e4chst aktuell international sehr stark. Organisationen sind zunehmend als Matrixorganisationen aufgestellt und arbeiten auf Projektbasis. Um Projekte richtig steuern zu k\u00f6nnen bedarf es einer Strategie &#8211; und zu dieser Strategie geh\u00f6rt auch die richtige Ausbildung der Mitarbeiter.<\/p>\n<p><strong>Integrierter Ansatz<\/strong><\/p>\n<p>Die Projektsteuerung beinhaltet die Planung der Arbeiten innerhalb eines Zeitraums. Dar\u00fcber hinaus wird betrachtet, wie Materialien und Ressourcen richtig geplant werden k\u00f6nnen. Wenn es eine \u00c4nderung gibt, sollte es m\u00f6glich sein, diese zu antizipieren und gegebenenfalls Anpassungen vorzunehmen. M\u00f6gliche Risiken haben Auswirkungen auf die Realisierbarkeit der Projektziele und damit auch auf die Planung und m\u00f6gliche Steuerung. Unsere Schulungen basieren auf einem integrierten Ansatz f\u00fcr die Planung und die umliegenden Wissensbereiche.<\/p>\n<p><strong>Unsere Schulungen<\/strong><br \/>\nUnsere Kurse k\u00f6nnen separat oder im Rahmen eines Ausbildungsprogramms belegt werden. Alle unsere Module konzentrieren sich auf die Kompetenzen, die f\u00fcr einen professionellen Projektsteuerer notwendig sind. Alle unsere Kurse wurden bzw. werden von Akademikern zusammengestellt, die nicht nur Trainer sind, sondern auch als Consultant in Zusammenarbeit mit unseren Kunden arbeiten. Auf diese Weise haben wir praktische, theoretische fundierte und pragmatische Kurse entwickelt.<\/p>\n<p><strong>Trainer<\/strong><strong><br \/>\n<\/strong>Die Kurse werden von gut ausgebildeten\u00a0<a href=\"https:\/\/www.primanedacademy.com\/team\/docent\">Trainern angeboten, <\/a>die in vielen Projekten Erfahrungen gesammelt haben.<\/p>\n<p><strong>Team<\/strong><br \/>\nLernen Sie das\u00a0Academy-Team kennen.<\/p>\n<p><strong>Sicherstellung der pers\u00f6nlichen Betreuung<\/strong><br \/>\nDie Training haben eine maximale Teilnehmerzahl von 9 Teilnehmern, so dass der Trainer jedem Teilnehmer pers\u00f6nliche Aufmerksamkeit schenken kann. Dar\u00fcber hinaus wird die Interaktion zwischen den Teilnehmern verschiedener Projektorganisationen als lehrreich und angenehm erlebt.<\/p>\n<p><strong>Mittagessen<\/strong><br \/>\nAlle unsere Trainingsmodule beinhalten das Mittagessen.<\/p>\n<p><strong>Zertifikat<\/strong><br \/>\nDie Teilnehmer erhalten nach der Teilnahme an einem Trainingsmodul ein Zertifikat der Primaned Academy.<\/p>\n<p><strong>Pers\u00f6nliche <\/strong><strong>Beratung<\/strong><\/p>\n<p>Wenn Sie Fragen zu den Inhalten unserer Kurse haben, z\u00f6gern Sie nicht uns zu <a href=\"https:\/\/www.primanedacademy.com\/\/de\/kontakt\/\">kontaktieren.<\/a> Gerne auch f\u00fcr eine pers\u00f6nliche Beratung, welches das richtige Training f\u00fcr Sie ist.<\/p>\n","protected":false},"excerpt":{"rendered":"<p>Die Primaned Academy ist spezialisiert auf Projektsteuerung. Die vollumf\u00e4ngliche Steuerung von Projekten ist ein recht junge Disziplin und w\u00e4chst aktuell international sehr stark. Organisationen sind zunehmend als Matrixorganisationen aufgestellt und arbeiten auf Projektbasis. Um Projekte richtig steuern zu k\u00f6nnen bedarf es einer Strategie &#8211; und zu dieser Strategie geh\u00f6rt auch die richtige Ausbildung der Mitarbeiter. [&hellip;]<\/p>\n","protected":false},"author":1,"featured_media":5923,"parent":0,"menu_order":0,"comment_status":"closed","ping_status":"closed","template":"","meta":{"_acf_changed":false,"_monsterinsights_skip_tracking":false,"_monsterinsights_sitenote_active":false,"_monsterinsights_sitenote_note":"","_monsterinsights_sitenote_category":0,"footnotes":""},"class_list":["post-5752","page","type-page","status-publish","has-post-thumbnail","hentry"],"acf":[],"yoast_head":"<!-- This site is optimized with the Yoast SEO plugin v27.3 - https:\/\/yoast.com\/product\/yoast-seo-wordpress\/ -->\n<title>\u00dcber uns - Primaned Academy<\/title>\n<meta name=\"description\" content=\"Primaned erweitert seit mehr als 30 Jahren die Kenntnisse, F\u00e4higkeiten und Fertigkeiten verschiedener Projektorganisationen im Bereich der Projektkontrolle\" \/>\n<meta name=\"robots\" content=\"index, follow, max-snippet:-1, max-image-preview:large, max-video-preview:-1\" \/>\n<link rel=\"canonical\" href=\"https:\/\/www.primanedacademy.com\/de\/ueber-uns\/\" \/>\n<meta property=\"og:locale\" content=\"de_DE\" \/>\n<meta property=\"og:type\" content=\"article\" \/>\n<meta property=\"og:title\" content=\"\u00dcber uns - Primaned Academy\" \/>\n<meta property=\"og:description\" content=\"Primaned erweitert seit mehr als 30 Jahren die Kenntnisse, F\u00e4higkeiten und Fertigkeiten verschiedener Projektorganisationen im Bereich der Projektkontrolle\" \/>\n<meta property=\"og:url\" content=\"https:\/\/www.primanedacademy.com\/de\/ueber-uns\/\" \/>\n<meta property=\"og:site_name\" content=\"Primaned Academy\" \/>\n<meta property=\"article:modified_time\" content=\"2024-02-06T10:58:53+00:00\" \/>\n<meta property=\"og:image\" content=\"https:\/\/www.primanedacademy.com\/wp-content\/uploads\/Primaned_Academy_FvH_20171101_5140.jpg\" \/>\n\t<meta property=\"og:image:width\" content=\"1920\" \/>\n\t<meta property=\"og:image:height\" content=\"1080\" \/>\n\t<meta property=\"og:image:type\" content=\"image\/jpeg\" \/>\n<meta name=\"twitter:card\" content=\"summary_large_image\" \/>\n<meta name=\"twitter:label1\" content=\"Gesch\u00e4tzte Lesezeit\" \/>\n\t<meta name=\"twitter:data1\" content=\"2\u00a0Minuten\" \/>\n<script type=\"application\/ld+json\" class=\"yoast-schema-graph\">{\"@context\":\"https:\\\/\\\/schema.org\",\"@graph\":[{\"@type\":\"WebPage\",\"@id\":\"https:\\\/\\\/www.primanedacademy.com\\\/de\\\/ueber-uns\\\/\",\"url\":\"https:\\\/\\\/www.primanedacademy.com\\\/de\\\/ueber-uns\\\/\",\"name\":\"\u00dcber uns - Primaned Academy\",\"isPartOf\":{\"@id\":\"https:\\\/\\\/www.primanedacademy.com\\\/#website\"},\"primaryImageOfPage\":{\"@id\":\"https:\\\/\\\/www.primanedacademy.com\\\/de\\\/ueber-uns\\\/#primaryimage\"},\"image\":{\"@id\":\"https:\\\/\\\/www.primanedacademy.com\\\/de\\\/ueber-uns\\\/#primaryimage\"},\"thumbnailUrl\":\"https:\\\/\\\/www.primanedacademy.com\\\/wp-content\\\/uploads\\\/Primaned_Academy_FvH_20171101_5140.jpg\",\"datePublished\":\"2021-11-08T13:04:42+00:00\",\"dateModified\":\"2024-02-06T10:58:53+00:00\",\"description\":\"Primaned erweitert seit mehr als 30 Jahren die Kenntnisse, F\u00e4higkeiten und Fertigkeiten verschiedener Projektorganisationen im Bereich der Projektkontrolle\",\"breadcrumb\":{\"@id\":\"https:\\\/\\\/www.primanedacademy.com\\\/de\\\/ueber-uns\\\/#breadcrumb\"},\"inLanguage\":\"de\",\"potentialAction\":[{\"@type\":\"ReadAction\",\"target\":[\"https:\\\/\\\/www.primanedacademy.com\\\/de\\\/ueber-uns\\\/\"]}]},{\"@type\":\"ImageObject\",\"inLanguage\":\"de\",\"@id\":\"https:\\\/\\\/www.primanedacademy.com\\\/de\\\/ueber-uns\\\/#primaryimage\",\"url\":\"https:\\\/\\\/www.primanedacademy.com\\\/wp-content\\\/uploads\\\/Primaned_Academy_FvH_20171101_5140.jpg\",\"contentUrl\":\"https:\\\/\\\/www.primanedacademy.com\\\/wp-content\\\/uploads\\\/Primaned_Academy_FvH_20171101_5140.jpg\",\"width\":1920,\"height\":1080},{\"@type\":\"BreadcrumbList\",\"@id\":\"https:\\\/\\\/www.primanedacademy.com\\\/de\\\/ueber-uns\\\/#breadcrumb\",\"itemListElement\":[{\"@type\":\"ListItem\",\"position\":1,\"name\":\"Home\",\"item\":\"https:\\\/\\\/www.primanedacademy.com\\\/de\\\/\"},{\"@type\":\"ListItem\",\"position\":2,\"name\":\"\u00dcber uns\"}]},{\"@type\":\"WebSite\",\"@id\":\"https:\\\/\\\/www.primanedacademy.com\\\/#website\",\"url\":\"https:\\\/\\\/www.primanedacademy.com\\\/\",\"name\":\"Primaned Academy\",\"description\":\"Opleidingen in Projectbeheersing \\\/ Project Controls\",\"potentialAction\":[{\"@type\":\"SearchAction\",\"target\":{\"@type\":\"EntryPoint\",\"urlTemplate\":\"https:\\\/\\\/www.primanedacademy.com\\\/?s={search_term_string}\"},\"query-input\":{\"@type\":\"PropertyValueSpecification\",\"valueRequired\":true,\"valueName\":\"search_term_string\"}}],\"inLanguage\":\"de\"}]}<\/script>\n<!-- \/ Yoast SEO plugin. -->","yoast_head_json":{"title":"\u00dcber uns - Primaned Academy","description":"Primaned erweitert seit mehr als 30 Jahren die Kenntnisse, F\u00e4higkeiten und Fertigkeiten verschiedener Projektorganisationen im Bereich der Projektkontrolle","robots":{"index":"index","follow":"follow","max-snippet":"max-snippet:-1","max-image-preview":"max-image-preview:large","max-video-preview":"max-video-preview:-1"},"canonical":"https:\/\/www.primanedacademy.com\/de\/ueber-uns\/","og_locale":"de_DE","og_type":"article","og_title":"\u00dcber uns - Primaned Academy","og_description":"Primaned erweitert seit mehr als 30 Jahren die Kenntnisse, F\u00e4higkeiten und Fertigkeiten verschiedener Projektorganisationen im Bereich der Projektkontrolle","og_url":"https:\/\/www.primanedacademy.com\/de\/ueber-uns\/","og_site_name":"Primaned Academy","article_modified_time":"2024-02-06T10:58:53+00:00","og_image":[{"width":1920,"height":1080,"url":"https:\/\/www.primanedacademy.com\/wp-content\/uploads\/Primaned_Academy_FvH_20171101_5140.jpg","type":"image\/jpeg"}],"twitter_card":"summary_large_image","twitter_misc":{"Gesch\u00e4tzte Lesezeit":"2\u00a0Minuten"},"schema":{"@context":"https:\/\/schema.org","@graph":[{"@type":"WebPage","@id":"https:\/\/www.primanedacademy.com\/de\/ueber-uns\/","url":"https:\/\/www.primanedacademy.com\/de\/ueber-uns\/","name":"\u00dcber uns - Primaned Academy","isPartOf":{"@id":"https:\/\/www.primanedacademy.com\/#website"},"primaryImageOfPage":{"@id":"https:\/\/www.primanedacademy.com\/de\/ueber-uns\/#primaryimage"},"image":{"@id":"https:\/\/www.primanedacademy.com\/de\/ueber-uns\/#primaryimage"},"thumbnailUrl":"https:\/\/www.primanedacademy.com\/wp-content\/uploads\/Primaned_Academy_FvH_20171101_5140.jpg","datePublished":"2021-11-08T13:04:42+00:00","dateModified":"2024-02-06T10:58:53+00:00","description":"Primaned erweitert seit mehr als 30 Jahren die Kenntnisse, F\u00e4higkeiten und Fertigkeiten verschiedener Projektorganisationen im Bereich der Projektkontrolle","breadcrumb":{"@id":"https:\/\/www.primanedacademy.com\/de\/ueber-uns\/#breadcrumb"},"inLanguage":"de","potentialAction":[{"@type":"ReadAction","target":["https:\/\/www.primanedacademy.com\/de\/ueber-uns\/"]}]},{"@type":"ImageObject","inLanguage":"de","@id":"https:\/\/www.primanedacademy.com\/de\/ueber-uns\/#primaryimage","url":"https:\/\/www.primanedacademy.com\/wp-content\/uploads\/Primaned_Academy_FvH_20171101_5140.jpg","contentUrl":"https:\/\/www.primanedacademy.com\/wp-content\/uploads\/Primaned_Academy_FvH_20171101_5140.jpg","width":1920,"height":1080},{"@type":"BreadcrumbList","@id":"https:\/\/www.primanedacademy.com\/de\/ueber-uns\/#breadcrumb","itemListElement":[{"@type":"ListItem","position":1,"name":"Home","item":"https:\/\/www.primanedacademy.com\/de\/"},{"@type":"ListItem","position":2,"name":"\u00dcber uns"}]},{"@type":"WebSite","@id":"https:\/\/www.primanedacademy.com\/#website","url":"https:\/\/www.primanedacademy.com\/","name":"Primaned Academy","description":"Opleidingen in Projectbeheersing \/ Project Controls","potentialAction":[{"@type":"SearchAction","target":{"@type":"EntryPoint","urlTemplate":"https:\/\/www.primanedacademy.com\/?s={search_term_string}"},"query-input":{"@type":"PropertyValueSpecification","valueRequired":true,"valueName":"search_term_string"}}],"inLanguage":"de"}]}},"_links":{"self":[{"href":"https:\/\/www.primanedacademy.com\/de\/wp-json\/wp\/v2\/pages\/5752","targetHints":{"allow":["GET"]}}],"collection":[{"href":"https:\/\/www.primanedacademy.com\/de\/wp-json\/wp\/v2\/pages"}],"about":[{"href":"https:\/\/www.primanedacademy.com\/de\/wp-json\/wp\/v2\/types\/page"}],"author":[{"embeddable":true,"href":"https:\/\/www.primanedacademy.com\/de\/wp-json\/wp\/v2\/users\/1"}],"replies":[{"embeddable":true,"href":"https:\/\/www.primanedacademy.com\/de\/wp-json\/wp\/v2\/comments?post=5752"}],"version-history":[{"count":6,"href":"https:\/\/www.primanedacademy.com\/de\/wp-json\/wp\/v2\/pages\/5752\/revisions"}],"predecessor-version":[{"id":8900,"href":"https:\/\/www.primanedacademy.com\/de\/wp-json\/wp\/v2\/pages\/5752\/revisions\/8900"}],"wp:featuredmedia":[{"embeddable":true,"href":"https:\/\/www.primanedacademy.com\/de\/wp-json\/wp\/v2\/media\/5923"}],"wp:attachment":[{"href":"https:\/\/www.primanedacademy.com\/de\/wp-json\/wp\/v2\/media?parent=5752"}],"curies":[{"name":"wp","href":"https:\/\/api.w.org\/{rel}","templated":true}]}}