{"id":5749,"date":"2021-11-08T14:00:11","date_gmt":"2021-11-08T13:00:11","guid":{"rendered":"https:\/\/www.primanedacademy.com\/?page_id=5749"},"modified":"2024-01-26T13:59:52","modified_gmt":"2024-01-26T12:59:52","slug":"im-unternehmen","status":"publish","type":"page","link":"https:\/\/www.primanedacademy.com\/de\/im-unternehmen\/","title":{"rendered":"Inhouse-Training"},"content":{"rendered":"<p>Mit mehr als 30 Jahren Erfahrung im Bereich Projektsteuerung ber\u00e4t Primaned Unternehmen und bietet neben der passenden Software auch die damit verbundenen Implementierungsdienste an. Jedes Unternehmen hat unterschiedliche W\u00fcnsche und Anforderungen an die Implementierung einer guten Projektsteuerung. Das gilt ebenfalls f\u00fcr die Kenntnisse und F\u00e4higkeiten seiner Mitarbeiter.<\/p>\n<p>Mithilfe von erfahrenen Projektsteuerungsingenieuren bietet die Primaned Academy speziell auf Ihr Unternehmen und Ihre Mitarbeiter zugeschnittene Schulungen an. Diese k\u00f6nnen entweder in unseren Schulungszentren, online oder bei Ihnen im Unternehmen stattfinden. Wir beraten Sie gern dazu.<\/p>\n<p>Die Primaned Academy hat unter anderem Mitarbeiter von Siemens, APM Terminals, Fokker, Royal IHC, Prorail, BAM, Thales, Rijkswaterstaat, Shell, Damen Shipyards, Bombardier, Mobilis, Vanderlande geschult und ist somit mit den verschiedensten Unternehmensgr\u00f6\u00dfen \u00a0vertraut. M\u00f6chten Sie wissen, \u00a0was wir f\u00fcr Ihr Unternehmen tun k\u00f6nnen? Dann nehmen Sie gerne mit uns <a href=\"https:\/\/www.primanedacademy.com\/de\/kontakt\/\">Kontakt<\/a> auf!<\/p>\n","protected":false},"excerpt":{"rendered":"<p>Mit mehr als 30 Jahren Erfahrung im Bereich Projektsteuerung ber\u00e4t Primaned Unternehmen und bietet neben der passenden Software auch die damit verbundenen Implementierungsdienste an. Jedes Unternehmen hat unterschiedliche W\u00fcnsche und Anforderungen an die Implementierung einer guten Projektsteuerung. Das gilt ebenfalls f\u00fcr die Kenntnisse und F\u00e4higkeiten seiner Mitarbeiter. Mithilfe von erfahrenen Projektsteuerungsingenieuren bietet die Primaned Academy [&hellip;]<\/p>\n","protected":false},"author":1,"featured_media":7032,"parent":0,"menu_order":0,"comment_status":"closed","ping_status":"closed","template":"","meta":{"_acf_changed":false,"_monsterinsights_skip_tracking":false,"_monsterinsights_sitenote_active":false,"_monsterinsights_sitenote_note":"","_monsterinsights_sitenote_category":0,"footnotes":""},"class_list":["post-5749","page","type-page","status-publish","has-post-thumbnail","hentry"],"acf":[],"yoast_head":"<!-- This site is optimized with the Yoast SEO plugin v27.4 - https:\/\/yoast.com\/product\/yoast-seo-wordpress\/ -->\n<title>Inhouse-Training - Primaned Academy<\/title>\n<meta name=\"description\" content=\"Die Primaned Academy bietet speziell zugeschnittene Kurse an. Wir denken gerne mit, was f\u00fcr Ihre Organisation notwendig und effizient ist.\" \/>\n<meta name=\"robots\" content=\"index, follow, max-snippet:-1, max-image-preview:large, max-video-preview:-1\" \/>\n<link rel=\"canonical\" href=\"https:\/\/www.primanedacademy.com\/de\/im-unternehmen\/\" \/>\n<meta property=\"og:locale\" content=\"de_DE\" \/>\n<meta property=\"og:type\" content=\"article\" \/>\n<meta property=\"og:title\" content=\"Inhouse-Training - Primaned Academy\" \/>\n<meta property=\"og:description\" content=\"Die Primaned Academy bietet speziell zugeschnittene Kurse an. Wir denken gerne mit, was f\u00fcr Ihre Organisation notwendig und effizient ist.\" \/>\n<meta property=\"og:url\" content=\"https:\/\/www.primanedacademy.com\/de\/im-unternehmen\/\" \/>\n<meta property=\"og:site_name\" content=\"Primaned Academy\" \/>\n<meta property=\"article:modified_time\" content=\"2024-01-26T12:59:52+00:00\" \/>\n<meta property=\"og:image\" content=\"https:\/\/www.primanedacademy.com\/wp-content\/uploads\/Primaned_Academy_lokaal.jpg\" \/>\n\t<meta property=\"og:image:width\" content=\"1920\" \/>\n\t<meta property=\"og:image:height\" content=\"919\" \/>\n\t<meta property=\"og:image:type\" content=\"image\/jpeg\" \/>\n<meta name=\"twitter:card\" content=\"summary_large_image\" \/>\n<meta name=\"twitter:label1\" content=\"Gesch\u00e4tzte Lesezeit\" \/>\n\t<meta name=\"twitter:data1\" content=\"1\u00a0Minute\" \/>\n<script type=\"application\/ld+json\" class=\"yoast-schema-graph\">{\"@context\":\"https:\\\/\\\/schema.org\",\"@graph\":[{\"@type\":\"WebPage\",\"@id\":\"https:\\\/\\\/www.primanedacademy.com\\\/de\\\/im-unternehmen\\\/\",\"url\":\"https:\\\/\\\/www.primanedacademy.com\\\/de\\\/im-unternehmen\\\/\",\"name\":\"Inhouse-Training - Primaned Academy\",\"isPartOf\":{\"@id\":\"https:\\\/\\\/www.primanedacademy.com\\\/#website\"},\"primaryImageOfPage\":{\"@id\":\"https:\\\/\\\/www.primanedacademy.com\\\/de\\\/im-unternehmen\\\/#primaryimage\"},\"image\":{\"@id\":\"https:\\\/\\\/www.primanedacademy.com\\\/de\\\/im-unternehmen\\\/#primaryimage\"},\"thumbnailUrl\":\"https:\\\/\\\/www.primanedacademy.com\\\/wp-content\\\/uploads\\\/Primaned_Academy_lokaal.jpg\",\"datePublished\":\"2021-11-08T13:00:11+00:00\",\"dateModified\":\"2024-01-26T12:59:52+00:00\",\"description\":\"Die Primaned Academy bietet speziell zugeschnittene Kurse an. Wir denken gerne mit, was f\u00fcr Ihre Organisation notwendig und effizient ist.\",\"breadcrumb\":{\"@id\":\"https:\\\/\\\/www.primanedacademy.com\\\/de\\\/im-unternehmen\\\/#breadcrumb\"},\"inLanguage\":\"de\",\"potentialAction\":[{\"@type\":\"ReadAction\",\"target\":[\"https:\\\/\\\/www.primanedacademy.com\\\/de\\\/im-unternehmen\\\/\"]}]},{\"@type\":\"ImageObject\",\"inLanguage\":\"de\",\"@id\":\"https:\\\/\\\/www.primanedacademy.com\\\/de\\\/im-unternehmen\\\/#primaryimage\",\"url\":\"https:\\\/\\\/www.primanedacademy.com\\\/wp-content\\\/uploads\\\/Primaned_Academy_lokaal.jpg\",\"contentUrl\":\"https:\\\/\\\/www.primanedacademy.com\\\/wp-content\\\/uploads\\\/Primaned_Academy_lokaal.jpg\",\"width\":1920,\"height\":919},{\"@type\":\"BreadcrumbList\",\"@id\":\"https:\\\/\\\/www.primanedacademy.com\\\/de\\\/im-unternehmen\\\/#breadcrumb\",\"itemListElement\":[{\"@type\":\"ListItem\",\"position\":1,\"name\":\"Home\",\"item\":\"https:\\\/\\\/www.primanedacademy.com\\\/de\\\/\"},{\"@type\":\"ListItem\",\"position\":2,\"name\":\"Inhouse-Training\"}]},{\"@type\":\"WebSite\",\"@id\":\"https:\\\/\\\/www.primanedacademy.com\\\/#website\",\"url\":\"https:\\\/\\\/www.primanedacademy.com\\\/\",\"name\":\"Primaned Academy\",\"description\":\"Opleidingen in Projectbeheersing \\\/ Project Controls\",\"potentialAction\":[{\"@type\":\"SearchAction\",\"target\":{\"@type\":\"EntryPoint\",\"urlTemplate\":\"https:\\\/\\\/www.primanedacademy.com\\\/?s={search_term_string}\"},\"query-input\":{\"@type\":\"PropertyValueSpecification\",\"valueRequired\":true,\"valueName\":\"search_term_string\"}}],\"inLanguage\":\"de\"}]}<\/script>\n<!-- \/ Yoast SEO plugin. -->","yoast_head_json":{"title":"Inhouse-Training - Primaned Academy","description":"Die Primaned Academy bietet speziell zugeschnittene Kurse an. Wir denken gerne mit, was f\u00fcr Ihre Organisation notwendig und effizient ist.","robots":{"index":"index","follow":"follow","max-snippet":"max-snippet:-1","max-image-preview":"max-image-preview:large","max-video-preview":"max-video-preview:-1"},"canonical":"https:\/\/www.primanedacademy.com\/de\/im-unternehmen\/","og_locale":"de_DE","og_type":"article","og_title":"Inhouse-Training - Primaned Academy","og_description":"Die Primaned Academy bietet speziell zugeschnittene Kurse an. Wir denken gerne mit, was f\u00fcr Ihre Organisation notwendig und effizient ist.","og_url":"https:\/\/www.primanedacademy.com\/de\/im-unternehmen\/","og_site_name":"Primaned Academy","article_modified_time":"2024-01-26T12:59:52+00:00","og_image":[{"width":1920,"height":919,"url":"https:\/\/www.primanedacademy.com\/wp-content\/uploads\/Primaned_Academy_lokaal.jpg","type":"image\/jpeg"}],"twitter_card":"summary_large_image","twitter_misc":{"Gesch\u00e4tzte Lesezeit":"1\u00a0Minute"},"schema":{"@context":"https:\/\/schema.org","@graph":[{"@type":"WebPage","@id":"https:\/\/www.primanedacademy.com\/de\/im-unternehmen\/","url":"https:\/\/www.primanedacademy.com\/de\/im-unternehmen\/","name":"Inhouse-Training - Primaned Academy","isPartOf":{"@id":"https:\/\/www.primanedacademy.com\/#website"},"primaryImageOfPage":{"@id":"https:\/\/www.primanedacademy.com\/de\/im-unternehmen\/#primaryimage"},"image":{"@id":"https:\/\/www.primanedacademy.com\/de\/im-unternehmen\/#primaryimage"},"thumbnailUrl":"https:\/\/www.primanedacademy.com\/wp-content\/uploads\/Primaned_Academy_lokaal.jpg","datePublished":"2021-11-08T13:00:11+00:00","dateModified":"2024-01-26T12:59:52+00:00","description":"Die Primaned Academy bietet speziell zugeschnittene Kurse an. Wir denken gerne mit, was f\u00fcr Ihre Organisation notwendig und effizient ist.","breadcrumb":{"@id":"https:\/\/www.primanedacademy.com\/de\/im-unternehmen\/#breadcrumb"},"inLanguage":"de","potentialAction":[{"@type":"ReadAction","target":["https:\/\/www.primanedacademy.com\/de\/im-unternehmen\/"]}]},{"@type":"ImageObject","inLanguage":"de","@id":"https:\/\/www.primanedacademy.com\/de\/im-unternehmen\/#primaryimage","url":"https:\/\/www.primanedacademy.com\/wp-content\/uploads\/Primaned_Academy_lokaal.jpg","contentUrl":"https:\/\/www.primanedacademy.com\/wp-content\/uploads\/Primaned_Academy_lokaal.jpg","width":1920,"height":919},{"@type":"BreadcrumbList","@id":"https:\/\/www.primanedacademy.com\/de\/im-unternehmen\/#breadcrumb","itemListElement":[{"@type":"ListItem","position":1,"name":"Home","item":"https:\/\/www.primanedacademy.com\/de\/"},{"@type":"ListItem","position":2,"name":"Inhouse-Training"}]},{"@type":"WebSite","@id":"https:\/\/www.primanedacademy.com\/#website","url":"https:\/\/www.primanedacademy.com\/","name":"Primaned Academy","description":"Opleidingen in Projectbeheersing \/ Project Controls","potentialAction":[{"@type":"SearchAction","target":{"@type":"EntryPoint","urlTemplate":"https:\/\/www.primanedacademy.com\/?s={search_term_string}"},"query-input":{"@type":"PropertyValueSpecification","valueRequired":true,"valueName":"search_term_string"}}],"inLanguage":"de"}]}},"_links":{"self":[{"href":"https:\/\/www.primanedacademy.com\/de\/wp-json\/wp\/v2\/pages\/5749","targetHints":{"allow":["GET"]}}],"collection":[{"href":"https:\/\/www.primanedacademy.com\/de\/wp-json\/wp\/v2\/pages"}],"about":[{"href":"https:\/\/www.primanedacademy.com\/de\/wp-json\/wp\/v2\/types\/page"}],"author":[{"embeddable":true,"href":"https:\/\/www.primanedacademy.com\/de\/wp-json\/wp\/v2\/users\/1"}],"replies":[{"embeddable":true,"href":"https:\/\/www.primanedacademy.com\/de\/wp-json\/wp\/v2\/comments?post=5749"}],"version-history":[{"count":11,"href":"https:\/\/www.primanedacademy.com\/de\/wp-json\/wp\/v2\/pages\/5749\/revisions"}],"predecessor-version":[{"id":8883,"href":"https:\/\/www.primanedacademy.com\/de\/wp-json\/wp\/v2\/pages\/5749\/revisions\/8883"}],"wp:featuredmedia":[{"embeddable":true,"href":"https:\/\/www.primanedacademy.com\/de\/wp-json\/wp\/v2\/media\/7032"}],"wp:attachment":[{"href":"https:\/\/www.primanedacademy.com\/de\/wp-json\/wp\/v2\/media?parent=5749"}],"curies":[{"name":"wp","href":"https:\/\/api.w.org\/{rel}","templated":true}]}}